{"id":12774,"date":"2013-11-22T13:17:02","date_gmt":"2013-11-22T13:17:02","guid":{"rendered":"https:\/\/the7.io\/main\/dummy\/?page_id=12774"},"modified":"2024-07-05T10:46:03","modified_gmt":"2024-07-05T08:46:03","slug":"realisations","status":"publish","type":"page","link":"https:\/\/vertuosepaysage.fr\/index.php\/realisations\/","title":{"rendered":"R\u00e9alisations"},"content":{"rendered":"<section class=\"wpb-content-wrapper\"><p>[vc_row full_width=\u00a0\u00bbstretch_row_content_no_spaces\u00a0\u00bb equal_height=\u00a0\u00bbyes\u00a0\u00bb type=\u00a0\u00bbvc_default\u00a0\u00bb margin_top=\u00a0\u00bb-50&Prime; margin_bottom=\u00a0\u00bb-50&Prime; bg_color=\u00a0\u00bb#111111&Prime; css=\u00a0\u00bb.vc_custom_1687358282360{padding-top: 60px !important;padding-bottom: 60px !important;background-color: #f7f7f7 !important;}\u00a0\u00bb][vc_column]<div id=\"ultimate-heading-94916a05772ae250d\" class=\"uvc-heading ult-adjust-bottom-margin ultimate-heading-94916a05772ae250d uvc-2282 \" data-hspacer=\"no_spacer\"  data-halign=\"center\" style=\"text-align:center\"><div class=\"uvc-heading-spacer no_spacer\" style=\"top\"><\/div><div class=\"uvc-main-heading ult-responsive\"  data-ultimate-target='.uvc-heading.ultimate-heading-94916a05772ae250d h2'  data-responsive-json-new='{\"font-size\":\"desktop:90px;mobile_landscape:60px;\",\"line-height\":\"desktop:100px;mobile_landscape:70px;\"}' ><h2 style=\"font-weight:bold;color:rgba(0,0,0,0.08);margin-bottom:-37px;\">Nos<\/h2><\/div><\/div><div id=\"ultimate-heading-76456a05772ae2570\" class=\"uvc-heading ult-adjust-bottom-margin ultimate-heading-76456a05772ae2570 uvc-3019 \" data-hspacer=\"no_spacer\"  data-halign=\"center\" style=\"text-align:center\"><div class=\"uvc-heading-spacer no_spacer\" style=\"top\"><\/div><div class=\"uvc-main-heading ult-responsive\"  data-ultimate-target='.uvc-heading.ultimate-heading-76456a05772ae2570 h2'  data-responsive-json-new='{\"font-size\":\"desktop:38px;mobile_landscape:30px;\",\"line-height\":\"desktop:48px;mobile_landscape:40px;\"}' ><h2 style=\"font-weight:bold;\">R\u00e9alisations<\/h2><\/div><\/div>[vc_column_text]<\/p>\n<p style=\"text-align: center;\">Si vous \u00eates int\u00e9ress\u00e9s par nos r\u00e9alisations ou si vous souhaitez discuter de votre projet avec nous, n\u2019h\u00e9sitez pas \u00e0 nous contacter.<\/p>\n<p>[\/vc_column_text][\/vc_column][\/vc_row][vc_row css_animation=\u00a0\u00bbslideInLeft\u00a0\u00bb css=\u00a0\u00bb.vc_custom_1687439235573{padding-top: 100px !important;padding-bottom: 100px !important;}\u00a0\u00bb][vc_column css=\u00a0\u00bb.vc_custom_1687351705303{padding-right: 40px !important;}\u00a0\u00bb][vc_row_inner][vc_column_inner]<div id=\"ultimate-heading-62696a05772ae25a8\" class=\"uvc-heading ult-adjust-bottom-margin ultimate-heading-62696a05772ae25a8 uvc-5403 \" data-hspacer=\"no_spacer\"  data-halign=\"left\" style=\"text-align:left\"><div class=\"uvc-heading-spacer no_spacer\" style=\"top\"><\/div><div class=\"uvc-main-heading ult-responsive\"  data-ultimate-target='.uvc-heading.ultimate-heading-62696a05772ae25a8 h2'  data-responsive-json-new='{\"font-size\":\"desktop:90px;mobile_landscape:60px;\",\"line-height\":\"desktop:100px;mobile_landscape:70px;\"}' ><h2 style=\"font-weight:bold;color:rgba(0,0,0,0.08);margin-bottom:-37px;\">Annecy<\/h2><\/div><\/div>[\/vc_column_inner][\/vc_row_inner]<div id=\"ultimate-heading-79026a05772ae25da\" class=\"uvc-heading ult-adjust-bottom-margin ultimate-heading-79026a05772ae25da uvc-5136 \" data-hspacer=\"no_spacer\"  data-halign=\"left\" style=\"text-align:left\"><div class=\"uvc-heading-spacer no_spacer\" style=\"top\"><\/div><div class=\"uvc-main-heading ult-responsive\"  data-ultimate-target='.uvc-heading.ultimate-heading-79026a05772ae25da h2'  data-responsive-json-new='{\"font-size\":\"desktop:38px;mobile_landscape:30px;\",\"line-height\":\"desktop:48px;mobile_landscape:40px;\"}' ><h2 style=\"font-weight:bold;\">Le colibri<\/h2><\/div><\/div>[vc_column_text]Notre expertise paysag\u00e8re s&rsquo;harmonise avec la splendeur naturelle qui entoure cette magnifique demeure pr\u00e8s du lac d&rsquo;Annecy. Nous cr\u00e9ons des espaces ext\u00e9rieurs qui captivent la beaut\u00e9 naturelle de cet environnement exceptionnel, faisant de votre maison un v\u00e9ritable joyau au c\u0153ur de la nature lacustre.[\/vc_column_text][vc_row_inner][vc_column_inner width=\u00a0\u00bb1\/3&Prime;][vc_single_image image=\u00a0\u00bb58993&Prime; img_size=\u00a0\u00bb375&#215;375&Prime; onclick=\u00a0\u00bblink_image\u00a0\u00bb][\/vc_column_inner][vc_column_inner width=\u00a0\u00bb1\/3&Prime;][vc_single_image image=\u00a0\u00bb58994&Prime; img_size=\u00a0\u00bb375&#215;375&Prime; onclick=\u00a0\u00bblink_image\u00a0\u00bb][\/vc_column_inner][vc_column_inner width=\u00a0\u00bb1\/3&Prime;][vc_single_image image=\u00a0\u00bb58995&Prime; img_size=\u00a0\u00bb375&#215;375&Prime; onclick=\u00a0\u00bblink_image\u00a0\u00bb][\/vc_column_inner][\/vc_row_inner][\/vc_column][vc_column css=\u00a0\u00bb.vc_custom_1687437313237{padding-top: -20px !important;}\u00a0\u00bb][vc_row_inner css=\u00a0\u00bb.vc_custom_1687354087224{padding-top: 20px !important;}\u00a0\u00bb][vc_column_inner][vc_separator color=\u00a0\u00bbcustom\u00a0\u00bb border_width=\u00a0\u00bb5&Prime; accent_color=\u00a0\u00bb#f79c7f\u00a0\u00bb][\/vc_column_inner][\/vc_row_inner][\/vc_column][\/vc_row][vc_row css_animation=\u00a0\u00bbslideInLeft\u00a0\u00bb css=\u00a0\u00bb.vc_custom_1687439267810{padding-bottom: 100px !important;}\u00a0\u00bb][vc_column css=\u00a0\u00bb.vc_custom_1685632437645{padding-right: 40px !important;}\u00a0\u00bb][vc_row_inner][vc_column_inner]<div id=\"ultimate-heading-74656a05772ae2611\" class=\"uvc-heading ult-adjust-bottom-margin ultimate-heading-74656a05772ae2611 uvc-8768 \" data-hspacer=\"no_spacer\"  data-halign=\"left\" style=\"text-align:left\"><div class=\"uvc-heading-spacer no_spacer\" style=\"top\"><\/div><div class=\"uvc-main-heading ult-responsive\"  data-ultimate-target='.uvc-heading.ultimate-heading-74656a05772ae2611 h2'  data-responsive-json-new='{\"font-size\":\"desktop:90px;mobile_landscape:60px;\",\"line-height\":\"desktop:100px;mobile_landscape:70px;\"}' ><h2 style=\"font-weight:bold;color:rgba(0,0,0,0.08);margin-bottom:-37px;\">Ugine<\/h2><\/div><\/div>[\/vc_column_inner][\/vc_row_inner]<div id=\"ultimate-heading-27216a05772ae2641\" class=\"uvc-heading ult-adjust-bottom-margin ultimate-heading-27216a05772ae2641 uvc-757 \" data-hspacer=\"no_spacer\"  data-halign=\"left\" style=\"text-align:left\"><div class=\"uvc-heading-spacer no_spacer\" style=\"top\"><\/div><div class=\"uvc-main-heading ult-responsive\"  data-ultimate-target='.uvc-heading.ultimate-heading-27216a05772ae2641 h2'  data-responsive-json-new='{\"font-size\":\"desktop:38px;mobile_landscape:30px;\",\"line-height\":\"desktop:48px;mobile_landscape:40px;\"}' ><h2 style=\"font-weight:bold;\">Terrain de p\u00e9tanque<\/h2><\/div><\/div>[vc_column_text]<\/p>\n<p style=\"text-align: left;\"><span id=\"p27\">Nous proposons une gamme de services, y compris le d\u00e9bardage et le transport du bois.<\/span><span id=\"p28\"> Que vous ayez besoin de bois de chauffage ou de mat\u00e9riaux de <span id=\"29\">construction nous<\/span> nous adaptons \u00e0 vos envies et \u00e0 vos besoins.<\/span><\/p>\n<p>[\/vc_column_text][\/vc_column][vc_column][vc_row_inner][vc_column_inner width=\u00a0\u00bb1\/3&Prime;][vc_single_image image=\u00a0\u00bb58989&Prime; img_size=\u00a0\u00bb375&#215;375&Prime; onclick=\u00a0\u00bblink_image\u00a0\u00bb][\/vc_column_inner][vc_column_inner width=\u00a0\u00bb1\/3&Prime;][vc_single_image image=\u00a0\u00bb58991&Prime; img_size=\u00a0\u00bb375&#215;375&Prime; onclick=\u00a0\u00bblink_image\u00a0\u00bb][\/vc_column_inner][vc_column_inner width=\u00a0\u00bb1\/3&Prime;][vc_single_image image=\u00a0\u00bb58681&Prime; img_size=\u00a0\u00bb375&#215;375&Prime; onclick=\u00a0\u00bblink_image\u00a0\u00bb][\/vc_column_inner][\/vc_row_inner][vc_row_inner css=\u00a0\u00bb.vc_custom_1687354087224{padding-top: 20px !important;}\u00a0\u00bb][vc_column_inner][vc_separator color=\u00a0\u00bbcustom\u00a0\u00bb border_width=\u00a0\u00bb5&Prime; accent_color=\u00a0\u00bb#f79c7f\u00a0\u00bb][\/vc_column_inner][\/vc_row_inner][\/vc_column][\/vc_row][vc_row css_animation=\u00a0\u00bbslideInRight\u00a0\u00bb css=\u00a0\u00bb.vc_custom_1687439253548{padding-bottom: 100px !important;}\u00a0\u00bb][vc_column css=\u00a0\u00bb.vc_custom_1687351705303{padding-right: 40px !important;}\u00a0\u00bb][vc_row_inner][vc_column_inner]<div id=\"ultimate-heading-68486a05772ae266e\" class=\"uvc-heading ult-adjust-bottom-margin ultimate-heading-68486a05772ae266e uvc-3946 \" data-hspacer=\"no_spacer\"  data-halign=\"left\" style=\"text-align:left\"><div class=\"uvc-heading-spacer no_spacer\" style=\"top\"><\/div><div class=\"uvc-main-heading ult-responsive\"  data-ultimate-target='.uvc-heading.ultimate-heading-68486a05772ae266e h2'  data-responsive-json-new='{\"font-size\":\"desktop:90px;mobile_landscape:60px;\",\"line-height\":\"desktop:100px;mobile_landscape:70px;\"}' ><h2 style=\"font-weight:bold;color:rgba(0,0,0,0.08);margin-bottom:-37px;\">Nos<\/h2><\/div><\/div>[\/vc_column_inner][\/vc_row_inner]<div id=\"ultimate-heading-95786a05772ae2699\" class=\"uvc-heading ult-adjust-bottom-margin ultimate-heading-95786a05772ae2699 uvc-7418 \" data-hspacer=\"no_spacer\"  data-halign=\"left\" style=\"text-align:left\"><div class=\"uvc-heading-spacer no_spacer\" style=\"top\"><\/div><div class=\"uvc-main-heading ult-responsive\"  data-ultimate-target='.uvc-heading.ultimate-heading-95786a05772ae2699 h2'  data-responsive-json-new='{\"font-size\":\"desktop:38px;mobile_landscape:30px;\",\"line-height\":\"desktop:48px;mobile_landscape:40px;\"}' ><h2 style=\"font-weight:bold;\">Am\u00e9nagement ext\u00e9rieur<\/h2><\/div><\/div>[vc_column_text]<\/p>\n<p style=\"text-align: left;\">En tant que paysagiste passionn\u00e9, nous concevons des am\u00e9nagements ext\u00e9rieurs sur mesure, mettant en valeur la verdure, les textures et les \u00e9l\u00e9ments harmonieux pour cr\u00e9er un cadre enchanteur qui s&rsquo;int\u00e8gre parfaitement \u00e0 votre style de vie.<\/p>\n<p>[\/vc_column_text][\/vc_column][vc_column][vc_row_inner][vc_column_inner width=\u00a0\u00bb1\/3&Prime;][vc_single_image image=\u00a0\u00bb57381&Prime; img_size=\u00a0\u00bb375&#215;375&Prime; onclick=\u00a0\u00bblink_image\u00a0\u00bb][\/vc_column_inner][vc_column_inner width=\u00a0\u00bb1\/3&Prime;][vc_single_image image=\u00a0\u00bb57262&Prime; img_size=\u00a0\u00bb375&#215;375&Prime; onclick=\u00a0\u00bblink_image\u00a0\u00bb][\/vc_column_inner][vc_column_inner width=\u00a0\u00bb1\/3&Prime;][vc_single_image image=\u00a0\u00bb57611&Prime; img_size=\u00a0\u00bb375&#215;375&Prime; onclick=\u00a0\u00bblink_image\u00a0\u00bb][\/vc_column_inner][\/vc_row_inner][\/vc_column][\/vc_row][vc_row full_width=\u00a0\u00bbstretch_row\u00a0\u00bb bg_type=\u00a0\u00bbimage\u00a0\u00bb parallax_style=\u00a0\u00bbvcpb-default\u00a0\u00bb bg_image_new=\u00a0\u00bbid^58315|url^http:\/\/vertuosepaysage.fr\/wp-content\/uploads\/2023\/06\/Frame-127-7.png|caption^null|alt^null|title^Frame 127-7|description^null\u00a0\u00bb css=\u00a0\u00bb.vc_custom_1687357537337{background-color: #f79c7f !important;}\u00a0\u00bb][vc_column css=\u00a0\u00bb.vc_custom_1687357828473{padding-top: 80px !important;padding-bottom: 80px !important;}\u00a0\u00bb][vc_column_inner][\/vc_column_inner]<div id=\"ultimate-heading-43446a05772ae26b6\" class=\"uvc-heading ult-adjust-bottom-margin ultimate-heading-43446a05772ae26b6 uvc-5594 \" data-hspacer=\"no_spacer\"  data-halign=\"center\" style=\"text-align:center\"><div class=\"uvc-heading-spacer no_spacer\" style=\"top\"><\/div><div class=\"uvc-main-heading ult-responsive\"  data-ultimate-target='.uvc-heading.ultimate-heading-43446a05772ae26b6 h5'  data-responsive-json-new='{\"font-size\":\"desktop:38px;mobile_landscape:30px;\",\"line-height\":\"desktop:48px;mobile_landscape:40px;\"}' ><h5 style=\"font-weight:bold;color:#ffffff;\">Besoin d'informations ?<\/h5><\/div><\/div><div id=\"ultimate-heading-51636a05772ae26d0\" class=\"uvc-heading ult-adjust-bottom-margin ultimate-heading-51636a05772ae26d0 uvc-283  uvc-heading-default-font-sizes\" data-hspacer=\"no_spacer\"  data-halign=\"center\" style=\"text-align:center\"><div class=\"uvc-heading-spacer no_spacer\" style=\"top\"><\/div><div class=\"uvc-main-heading ult-responsive\"  data-ultimate-target='.uvc-heading.ultimate-heading-51636a05772ae26d0 h4'  data-responsive-json-new='{\"font-size\":\"\",\"line-height\":\"\"}' ><h4 style=\"--font-weight:theme;color:#ffffff;\">Contactez-nous ou demandez-nous un devis gratuit<\/h4><\/div><\/div>[vc_btn title=\u00a0\u00bbContactez-nous\u00a0\u00bb style=\u00a0\u00bbcustom\u00a0\u00bb custom_background=\u00a0\u00bb#ffffff\u00a0\u00bb custom_text=\u00a0\u00bb#f79c7f\u00a0\u00bb shape=\u00a0\u00bbround\u00a0\u00bb size=\u00a0\u00bblg\u00a0\u00bb align=\u00a0\u00bbcenter\u00a0\u00bb link=\u00a0\u00bburl:https%3A%2F%2Fvertuosepaysage.fr%2Findex.php%2Fcontact%2F|title:Contact\u00a0\u00bb css=\u00a0\u00bb.vc_custom_1700225133377{padding-top: 50px !important;padding-bottom: 50px !important;}\u00a0\u00bb][\/vc_column][\/vc_row]<\/p>\n<\/section>","protected":false},"excerpt":{"rendered":"<p>[vc_row full_width=\u00a0\u00bbstretch_row_content_no_spaces\u00a0\u00bb equal_height=\u00a0\u00bbyes\u00a0\u00bb type=\u00a0\u00bbvc_default\u00a0\u00bb margin_top=\u00a0\u00bb-50&Prime; margin_bottom=\u00a0\u00bb-50&Prime; bg_color=\u00a0\u00bb#111111&Prime; css=\u00a0\u00bb.vc_custom_1687358282360{padding-top: 60px !important;padding-bottom: 60px !important;background-color: #f7f7f7 !important;}\u00a0\u00bb][vc_column][vc_column_text] Si vous \u00eates int\u00e9ress\u00e9s par nos r\u00e9alisations ou si vous souhaitez discuter de votre projet avec nous, n\u2019h\u00e9sitez pas \u00e0 nous contacter. [\/vc_column_text][\/vc_column][\/vc_row][vc_row css_animation=\u00a0\u00bbslideInLeft\u00a0\u00bb css=\u00a0\u00bb.vc_custom_1687439235573{padding-top: 100px !important;padding-bottom: 100px !important;}\u00a0\u00bb][vc_column css=\u00a0\u00bb.vc_custom_1687351705303{padding-right: 40px !important;}\u00a0\u00bb][vc_row_inner][vc_column_inner][\/vc_column_inner][\/vc_row_inner][vc_column_text]Notre expertise paysag\u00e8re s&rsquo;harmonise avec la splendeur naturelle qui entoure&hellip;<\/p>\n","protected":false},"author":1,"featured_media":0,"parent":0,"menu_order":30,"comment_status":"closed","ping_status":"closed","template":"","meta":{"om_disable_all_campaigns":false,"_monsterinsights_skip_tracking":false,"_monsterinsights_sitenote_active":false,"_monsterinsights_sitenote_note":"","_monsterinsights_sitenote_category":0,"_uf_show_specific_survey":0,"_uf_disable_surveys":false},"aioseo_notices":[],"_links":{"self":[{"href":"https:\/\/vertuosepaysage.fr\/index.php\/wp-json\/wp\/v2\/pages\/12774"}],"collection":[{"href":"https:\/\/vertuosepaysage.fr\/index.php\/wp-json\/wp\/v2\/pages"}],"about":[{"href":"https:\/\/vertuosepaysage.fr\/index.php\/wp-json\/wp\/v2\/types\/page"}],"author":[{"embeddable":true,"href":"https:\/\/vertuosepaysage.fr\/index.php\/wp-json\/wp\/v2\/users\/1"}],"replies":[{"embeddable":true,"href":"https:\/\/vertuosepaysage.fr\/index.php\/wp-json\/wp\/v2\/comments?post=12774"}],"version-history":[{"count":190,"href":"https:\/\/vertuosepaysage.fr\/index.php\/wp-json\/wp\/v2\/pages\/12774\/revisions"}],"predecessor-version":[{"id":59000,"href":"https:\/\/vertuosepaysage.fr\/index.php\/wp-json\/wp\/v2\/pages\/12774\/revisions\/59000"}],"wp:attachment":[{"href":"https:\/\/vertuosepaysage.fr\/index.php\/wp-json\/wp\/v2\/media?parent=12774"}],"curies":[{"name":"wp","href":"https:\/\/api.w.org\/{rel}","templated":true}]}}