{"id":58617,"date":"2023-10-05T10:38:07","date_gmt":"2023-10-05T08:38:07","guid":{"rendered":"https:\/\/vertuosepaysage.fr\/?page_id=58617"},"modified":"2023-10-05T11:55:04","modified_gmt":"2023-10-05T09:55:04","slug":"mentions-legales","status":"publish","type":"page","link":"https:\/\/vertuosepaysage.fr\/index.php\/mentions-legales\/","title":{"rendered":"Mentions l\u00e9gales"},"content":{"rendered":"\n<p><strong>Mentions l\u00e9gales<\/strong><\/p>\n\n\n\n<p>Raison sociale de l&rsquo;entreprise : Vertuose Paysage<\/p>\n\n\n\n<p>Adresse du si\u00e8ge social : 169 Av. Andr\u00e9 Pringolliet, 73400 Ugine<\/p>\n\n\n\n<p>T\u00e9l\u00e9phone : 06 08 14 48 39<\/p>\n\n\n\n<p>Adresse e-mail : contact@vertuosepaysage.fr<\/p>\n\n\n\n<p>SIREN : 912802436<\/p>\n\n\n\n<p>Cr\u00e9ation sites internet : <a href=\"https:\/\/devillecommunication.fr\" target=\"_blank\" rel=\"noopener\">Deville Communication<\/a><\/p>\n\n\n\n<p><strong>H\u00e9bergeur du site web<\/strong> Hostinger<\/p>\n\n\n\n<p><strong>Propri\u00e9t\u00e9 intellectuelle<\/strong> Le contenu de ce site internet, y compris textes, images, vid\u00e9os, logos, et graphiques, est prot\u00e9g\u00e9 par le droit d&rsquo;auteur et les droits de propri\u00e9t\u00e9 intellectuelle d\u00e9tenus par Vertuose Paysage ou ses conc\u00e9dants de licence. Toute reproduction, diffusion ou utilisation non autoris\u00e9e du contenu est strictement interdite.<\/p>\n\n\n\n<p><strong>Responsabilit\u00e9<\/strong> Vertuose Paysage s&rsquo;efforce de fournir des informations exactes et \u00e0 jour sur ce site internet, mais ne garantit pas l&rsquo;exactitude, l&rsquo;exhaustivit\u00e9 ou la pertinence des informations fournies. L&rsquo;utilisation du site se fait \u00e0 vos propres risques. Vertuose Paysage d\u00e9cline toute responsabilit\u00e9 pour les dommages directs ou indirects r\u00e9sultant de l&rsquo;utilisation de ce site.<\/p>\n\n\n\n<p><strong>Politique de confidentialit\u00e9<\/strong> Veuillez consulter notre Politique de confidentialit\u00e9 pour en savoir plus sur la mani\u00e8re dont nous collectons, utilisons et prot\u00e9geons vos donn\u00e9es personnelles.<\/p>\n\n\n\n<p><strong>Cookies<\/strong> Ce site web utilise des cookies pour am\u00e9liorer l&rsquo;exp\u00e9rience de l&rsquo;utilisateur. En utilisant ce site, vous consentez \u00e0 l&rsquo;utilisation de cookies conform\u00e9ment \u00e0 notre Politique de cookies.<\/p>\n\n\n\n<p><strong>Droit applicable<\/strong> Toutes les questions relatives \u00e0 ce site internet sont r\u00e9gies par le droit en vigueur dans [Juridiction applicable].<\/p>\n\n\n\n<p>Ces mentions l\u00e9gales sont fournies \u00e0 titre d&rsquo;exemple. Il est important de consulter un avocat ou un professionnel juridique pour personnaliser ces mentions en fonction des lois locales et des besoins sp\u00e9cifiques de votre entreprise.<\/p>\n","protected":false},"excerpt":{"rendered":"<p>Mentions l\u00e9gales Raison sociale de l&rsquo;entreprise : Vertuose Paysage Adresse du si\u00e8ge social : 169 Av. Andr\u00e9 Pringolliet, 73400 Ugine T\u00e9l\u00e9phone : 06 08 14 48 39 Adresse e-mail : contact@vertuosepaysage.fr SIREN : 912802436 Cr\u00e9ation sites internet : Deville Communication H\u00e9bergeur du site web Hostinger Propri\u00e9t\u00e9 intellectuelle Le contenu de ce site internet, y compris&hellip;<\/p>\n","protected":false},"author":1,"featured_media":0,"parent":0,"menu_order":0,"comment_status":"closed","ping_status":"closed","template":"","meta":{"om_disable_all_campaigns":false,"_monsterinsights_skip_tracking":false,"_monsterinsights_sitenote_active":false,"_monsterinsights_sitenote_note":"","_monsterinsights_sitenote_category":0,"_uf_show_specific_survey":0,"_uf_disable_surveys":false},"aioseo_notices":[],"_links":{"self":[{"href":"https:\/\/vertuosepaysage.fr\/index.php\/wp-json\/wp\/v2\/pages\/58617"}],"collection":[{"href":"https:\/\/vertuosepaysage.fr\/index.php\/wp-json\/wp\/v2\/pages"}],"about":[{"href":"https:\/\/vertuosepaysage.fr\/index.php\/wp-json\/wp\/v2\/types\/page"}],"author":[{"embeddable":true,"href":"https:\/\/vertuosepaysage.fr\/index.php\/wp-json\/wp\/v2\/users\/1"}],"replies":[{"embeddable":true,"href":"https:\/\/vertuosepaysage.fr\/index.php\/wp-json\/wp\/v2\/comments?post=58617"}],"version-history":[{"count":3,"href":"https:\/\/vertuosepaysage.fr\/index.php\/wp-json\/wp\/v2\/pages\/58617\/revisions"}],"predecessor-version":[{"id":58627,"href":"https:\/\/vertuosepaysage.fr\/index.php\/wp-json\/wp\/v2\/pages\/58617\/revisions\/58627"}],"wp:attachment":[{"href":"https:\/\/vertuosepaysage.fr\/index.php\/wp-json\/wp\/v2\/media?parent=58617"}],"curies":[{"name":"wp","href":"https:\/\/api.w.org\/{rel}","templated":true}]}}